{"id":6361,"date":"2023-10-02T21:02:27","date_gmt":"2023-10-03T01:02:27","guid":{"rendered":"https:\/\/cvssmodules.com\/coming-soon\/"},"modified":"2024-12-16T09:25:27","modified_gmt":"2024-12-16T14:25:27","slug":"bientot-disponible","status":"publish","type":"page","link":"https:\/\/cvssmodules.com\/fr\/bientot-disponible\/","title":{"rendered":"Bient\u00f4t disponible !"},"content":{"rendered":"\t\t<div data-elementor-type=\"wp-page\" data-elementor-id=\"6361\" class=\"elementor elementor-6361 elementor-2917\">\n\t\t\t\t\t\t<section class=\"elementor-section elementor-top-section elementor-element elementor-element-f572644 elementor-section-height-min-height elementor-section-boxed elementor-section-height-default elementor-section-items-middle\" data-id=\"f572644\" data-element_type=\"section\" data-settings=\"{&quot;background_background&quot;:&quot;slideshow&quot;,&quot;background_slideshow_gallery&quot;:[{&quot;id&quot;:1063,&quot;url&quot;:&quot;https:\\\/\\\/cvssmodules.com\\\/wp-content\\\/uploads\\\/2023\\\/08\\\/page-title-bg.jpg&quot;}],&quot;background_slideshow_loop&quot;:&quot;yes&quot;,&quot;background_slideshow_slide_duration&quot;:5000,&quot;background_slideshow_slide_transition&quot;:&quot;fade&quot;,&quot;background_slideshow_transition_duration&quot;:500}\">\n\t\t\t\t\t\t<div class=\"elementor-container elementor-column-gap-default\">\n\t\t\t\t\t<div class=\"elementor-column elementor-col-100 elementor-top-column elementor-element elementor-element-f4242e9\" data-id=\"f4242e9\" data-element_type=\"column\">\n\t\t\t<div class=\"elementor-widget-wrap elementor-element-populated\">\n\t\t\t\t\t\t<div class=\"elementor-element elementor-element-f91c4bf elementor-widget__width-inherit elementor-widget elementor-widget-heading\" data-id=\"f91c4bf\" data-element_type=\"widget\" data-widget_type=\"heading.default\">\n\t\t\t\t<div class=\"elementor-widget-container\">\n\t\t\t\t\t<h2 class=\"elementor-heading-title elementor-size-default\">Bient\u00f4t disponible!<\/h2>\t\t\t\t<\/div>\n\t\t\t\t<\/div>\n\t\t\t\t\t<\/div>\n\t\t<\/div>\n\t\t\t\t\t<\/div>\n\t\t<\/section>\n\t\t\t\t<section class=\"elementor-section elementor-top-section elementor-element elementor-element-4ab5c35 elementor-section-boxed elementor-section-height-default elementor-section-height-default\" data-id=\"4ab5c35\" data-element_type=\"section\">\n\t\t\t\t\t\t<div class=\"elementor-container elementor-column-gap-default\">\n\t\t\t\t\t<div class=\"elementor-column elementor-col-100 elementor-top-column elementor-element elementor-element-205b6d9\" data-id=\"205b6d9\" data-element_type=\"column\">\n\t\t\t<div class=\"elementor-widget-wrap elementor-element-populated\">\n\t\t\t\t\t\t<div class=\"elementor-element elementor-element-3f413d0 elementor-widget elementor-widget-spacer\" data-id=\"3f413d0\" data-element_type=\"widget\" data-widget_type=\"spacer.default\">\n\t\t\t\t<div class=\"elementor-widget-container\">\n\t\t\t\t\t\t\t<div class=\"elementor-spacer\">\n\t\t\t<div class=\"elementor-spacer-inner\"><\/div>\n\t\t<\/div>\n\t\t\t\t\t\t<\/div>\n\t\t\t\t<\/div>\n\t\t\t\t<div class=\"elementor-element elementor-element-68a83cb elementor-widget elementor-widget-text-editor\" data-id=\"68a83cb\" data-element_type=\"widget\" data-widget_type=\"text-editor.default\">\n\t\t\t\t<div class=\"elementor-widget-container\">\n\t\t\t\t\t\t\t\t\t<h3>hmmmm&#8230;<\/h3><p>La page que vous recherchez est encore en cours de d\u00e9veloppement.<\/p><div>\u00a0<\/div>\t\t\t\t\t\t\t\t<\/div>\n\t\t\t\t<\/div>\n\t\t\t\t<div class=\"elementor-element elementor-element-570040c elementor-widget elementor-widget-spacer\" data-id=\"570040c\" data-element_type=\"widget\" data-widget_type=\"spacer.default\">\n\t\t\t\t<div class=\"elementor-widget-container\">\n\t\t\t\t\t\t\t<div class=\"elementor-spacer\">\n\t\t\t<div class=\"elementor-spacer-inner\"><\/div>\n\t\t<\/div>\n\t\t\t\t\t\t<\/div>\n\t\t\t\t<\/div>\n\t\t\t\t\t<\/div>\n\t\t<\/div>\n\t\t\t\t\t<\/div>\n\t\t<\/section>\n\t\t\t\t<\/div>\n\t\t","protected":false},"excerpt":{"rendered":"<p>Bient\u00f4t disponible! hmmmm&#8230; La page que vous recherchez est encore en cours de d\u00e9veloppement. \u00a0<\/p>\n","protected":false},"author":3,"featured_media":0,"parent":0,"menu_order":0,"comment_status":"closed","ping_status":"closed","template":"elementor_header_footer","meta":{"_monsterinsights_skip_tracking":false,"_monsterinsights_sitenote_active":false,"_monsterinsights_sitenote_note":"","_monsterinsights_sitenote_category":0,"footnotes":""},"class_list":["post-6361","page","type-page","status-publish","hentry"],"yoast_head":"<!-- This site is optimized with the Yoast SEO Premium plugin v23.7 (Yoast SEO v25.4) - https:\/\/yoast.com\/wordpress\/plugins\/seo\/ -->\n<title>Bient\u00f4t disponible ! | CVSS Modules<\/title>\n<meta name=\"robots\" content=\"index, follow, max-snippet:-1, max-image-preview:large, max-video-preview:-1\" \/>\n<link rel=\"canonical\" href=\"https:\/\/cvssmodules.com\/fr\/bientot-disponible\/\" \/>\n<meta property=\"og:locale\" content=\"fr_FR\" \/>\n<meta property=\"og:type\" content=\"article\" \/>\n<meta property=\"og:title\" content=\"Bient\u00f4t disponible !\" \/>\n<meta property=\"og:description\" content=\"Bient\u00f4t disponible! hmmmm&#8230; La page que vous recherchez est encore en cours de d\u00e9veloppement. \u00a0\" \/>\n<meta property=\"og:url\" content=\"https:\/\/cvssmodules.com\/fr\/bientot-disponible\/\" \/>\n<meta property=\"og:site_name\" content=\"CVSS Modules\" \/>\n<meta property=\"article:publisher\" content=\"https:\/\/www.facebook.com\/profile.php?viewas=100000686899395&amp;id=61552484786035\" \/>\n<meta property=\"article:modified_time\" content=\"2024-12-16T14:25:27+00:00\" \/>\n<meta property=\"og:image\" content=\"https:\/\/cvssmodules.com\/wp-content\/uploads\/2021\/07\/palletizer-preview-652962d46d7b7.webp\" \/>\n\t<meta property=\"og:image:width\" content=\"1920\" \/>\n\t<meta property=\"og:image:height\" content=\"1080\" \/>\n\t<meta property=\"og:image:type\" content=\"image\/webp\" \/>\n<meta name=\"twitter:card\" content=\"summary_large_image\" \/>\n<meta name=\"twitter:label1\" content=\"Dur\u00e9e de lecture estim\u00e9e\" \/>\n\t<meta name=\"twitter:data1\" content=\"1 minute\" \/>\n<script type=\"application\/ld+json\" class=\"yoast-schema-graph\">{\"@context\":\"https:\/\/schema.org\",\"@graph\":[{\"@type\":\"WebPage\",\"@id\":\"https:\/\/cvssmodules.com\/fr\/bientot-disponible\/\",\"url\":\"https:\/\/cvssmodules.com\/fr\/bientot-disponible\/\",\"name\":\"Bient\u00f4t disponible ! | CVSS Modules\",\"isPartOf\":{\"@id\":\"https:\/\/cvssmodules.com\/#website\"},\"datePublished\":\"2023-10-03T01:02:27+00:00\",\"dateModified\":\"2024-12-16T14:25:27+00:00\",\"breadcrumb\":{\"@id\":\"https:\/\/cvssmodules.com\/fr\/bientot-disponible\/#breadcrumb\"},\"inLanguage\":\"fr-FR\",\"potentialAction\":[{\"@type\":\"ReadAction\",\"target\":[\"https:\/\/cvssmodules.com\/fr\/bientot-disponible\/\"]}]},{\"@type\":\"BreadcrumbList\",\"@id\":\"https:\/\/cvssmodules.com\/fr\/bientot-disponible\/#breadcrumb\",\"itemListElement\":[{\"@type\":\"ListItem\",\"position\":1,\"name\":\"Home\",\"item\":\"https:\/\/cvssmodules.com\/fr\/\"},{\"@type\":\"ListItem\",\"position\":2,\"name\":\"Bient\u00f4t disponible !\"}]},{\"@type\":\"WebSite\",\"@id\":\"https:\/\/cvssmodules.com\/#website\",\"url\":\"https:\/\/cvssmodules.com\/\",\"name\":\"CVSS: Compact. Versatile. Safe. Smart | AI-Enhanced Automation\",\"description\":\"Enhance &amp; Automate Your Food\/Pharma Production with AI-Powered Turnkey Modules\",\"publisher\":{\"@id\":\"https:\/\/cvssmodules.com\/#organization\"},\"potentialAction\":[{\"@type\":\"SearchAction\",\"target\":{\"@type\":\"EntryPoint\",\"urlTemplate\":\"https:\/\/cvssmodules.com\/?s={search_term_string}\"},\"query-input\":{\"@type\":\"PropertyValueSpecification\",\"valueRequired\":true,\"valueName\":\"search_term_string\"}}],\"inLanguage\":\"fr-FR\"},{\"@type\":\"Organization\",\"@id\":\"https:\/\/cvssmodules.com\/#organization\",\"name\":\"CVSS Modules\",\"url\":\"https:\/\/cvssmodules.com\/\",\"logo\":{\"@type\":\"ImageObject\",\"inLanguage\":\"fr-FR\",\"@id\":\"https:\/\/cvssmodules.com\/#\/schema\/logo\/image\/\",\"url\":\"https:\/\/cvssmodules.com\/wp-content\/uploads\/2023\/10\/CVSS_Division-Logo_Square-FR.png\",\"contentUrl\":\"https:\/\/cvssmodules.com\/wp-content\/uploads\/2023\/10\/CVSS_Division-Logo_Square-FR.png\",\"width\":3629,\"height\":3629,\"caption\":\"CVSS Modules\"},\"image\":{\"@id\":\"https:\/\/cvssmodules.com\/#\/schema\/logo\/image\/\"},\"sameAs\":[\"https:\/\/www.facebook.com\/profile.php?viewas=100000686899395&id=61552484786035\",\"https:\/\/www.linkedin.com\/company\/cvss-modules\/about\/?viewAsMember=true\"]}]}<\/script>\n<!-- \/ Yoast SEO Premium plugin. -->","yoast_head_json":{"title":"Bient\u00f4t disponible ! | CVSS Modules","robots":{"index":"index","follow":"follow","max-snippet":"max-snippet:-1","max-image-preview":"max-image-preview:large","max-video-preview":"max-video-preview:-1"},"canonical":"https:\/\/cvssmodules.com\/fr\/bientot-disponible\/","og_locale":"fr_FR","og_type":"article","og_title":"Bient\u00f4t disponible !","og_description":"Bient\u00f4t disponible! hmmmm&#8230; La page que vous recherchez est encore en cours de d\u00e9veloppement. \u00a0","og_url":"https:\/\/cvssmodules.com\/fr\/bientot-disponible\/","og_site_name":"CVSS Modules","article_publisher":"https:\/\/www.facebook.com\/profile.php?viewas=100000686899395&id=61552484786035","article_modified_time":"2024-12-16T14:25:27+00:00","og_image":[{"width":1920,"height":1080,"url":"https:\/\/cvssmodules.com\/wp-content\/uploads\/2021\/07\/palletizer-preview-652962d46d7b7.webp","type":"image\/webp"}],"twitter_card":"summary_large_image","twitter_misc":{"Dur\u00e9e de lecture estim\u00e9e":"1 minute"},"schema":{"@context":"https:\/\/schema.org","@graph":[{"@type":"WebPage","@id":"https:\/\/cvssmodules.com\/fr\/bientot-disponible\/","url":"https:\/\/cvssmodules.com\/fr\/bientot-disponible\/","name":"Bient\u00f4t disponible ! | CVSS Modules","isPartOf":{"@id":"https:\/\/cvssmodules.com\/#website"},"datePublished":"2023-10-03T01:02:27+00:00","dateModified":"2024-12-16T14:25:27+00:00","breadcrumb":{"@id":"https:\/\/cvssmodules.com\/fr\/bientot-disponible\/#breadcrumb"},"inLanguage":"fr-FR","potentialAction":[{"@type":"ReadAction","target":["https:\/\/cvssmodules.com\/fr\/bientot-disponible\/"]}]},{"@type":"BreadcrumbList","@id":"https:\/\/cvssmodules.com\/fr\/bientot-disponible\/#breadcrumb","itemListElement":[{"@type":"ListItem","position":1,"name":"Home","item":"https:\/\/cvssmodules.com\/fr\/"},{"@type":"ListItem","position":2,"name":"Bient\u00f4t disponible !"}]},{"@type":"WebSite","@id":"https:\/\/cvssmodules.com\/#website","url":"https:\/\/cvssmodules.com\/","name":"CVSS: Compact. Versatile. Safe. Smart | AI-Enhanced Automation","description":"Enhance &amp; Automate Your Food\/Pharma Production with AI-Powered Turnkey Modules","publisher":{"@id":"https:\/\/cvssmodules.com\/#organization"},"potentialAction":[{"@type":"SearchAction","target":{"@type":"EntryPoint","urlTemplate":"https:\/\/cvssmodules.com\/?s={search_term_string}"},"query-input":{"@type":"PropertyValueSpecification","valueRequired":true,"valueName":"search_term_string"}}],"inLanguage":"fr-FR"},{"@type":"Organization","@id":"https:\/\/cvssmodules.com\/#organization","name":"CVSS Modules","url":"https:\/\/cvssmodules.com\/","logo":{"@type":"ImageObject","inLanguage":"fr-FR","@id":"https:\/\/cvssmodules.com\/#\/schema\/logo\/image\/","url":"https:\/\/cvssmodules.com\/wp-content\/uploads\/2023\/10\/CVSS_Division-Logo_Square-FR.png","contentUrl":"https:\/\/cvssmodules.com\/wp-content\/uploads\/2023\/10\/CVSS_Division-Logo_Square-FR.png","width":3629,"height":3629,"caption":"CVSS Modules"},"image":{"@id":"https:\/\/cvssmodules.com\/#\/schema\/logo\/image\/"},"sameAs":["https:\/\/www.facebook.com\/profile.php?viewas=100000686899395&id=61552484786035","https:\/\/www.linkedin.com\/company\/cvss-modules\/about\/?viewAsMember=true"]}]}},"_links":{"self":[{"href":"https:\/\/cvssmodules.com\/fr\/wp-json\/wp\/v2\/pages\/6361","targetHints":{"allow":["GET"]}}],"collection":[{"href":"https:\/\/cvssmodules.com\/fr\/wp-json\/wp\/v2\/pages"}],"about":[{"href":"https:\/\/cvssmodules.com\/fr\/wp-json\/wp\/v2\/types\/page"}],"author":[{"embeddable":true,"href":"https:\/\/cvssmodules.com\/fr\/wp-json\/wp\/v2\/users\/3"}],"replies":[{"embeddable":true,"href":"https:\/\/cvssmodules.com\/fr\/wp-json\/wp\/v2\/comments?post=6361"}],"version-history":[{"count":4,"href":"https:\/\/cvssmodules.com\/fr\/wp-json\/wp\/v2\/pages\/6361\/revisions"}],"predecessor-version":[{"id":6365,"href":"https:\/\/cvssmodules.com\/fr\/wp-json\/wp\/v2\/pages\/6361\/revisions\/6365"}],"wp:attachment":[{"href":"https:\/\/cvssmodules.com\/fr\/wp-json\/wp\/v2\/media?parent=6361"}],"curies":[{"name":"wp","href":"https:\/\/api.w.org\/{rel}","templated":true}]}}