{"id":6483,"date":"2023-09-27T00:39:45","date_gmt":"2023-09-27T04:39:45","guid":{"rendered":"https:\/\/cvssmodules.com\/privacy-policy\/"},"modified":"2024-12-16T15:36:59","modified_gmt":"2024-12-16T20:36:59","slug":"politique-de-confidentialite","status":"publish","type":"page","link":"https:\/\/cvssmodules.com\/fr\/politique-de-confidentialite\/","title":{"rendered":"Politique de confidentialit\u00e9"},"content":{"rendered":"\t\t<div data-elementor-type=\"wp-page\" data-elementor-id=\"6483\" class=\"elementor elementor-6483 elementor-2619\">\n\t\t\t\t\t\t<section class=\"elementor-section elementor-top-section elementor-element elementor-element-1eaa060 elementor-section-boxed elementor-section-height-default elementor-section-height-default\" data-id=\"1eaa060\" data-element_type=\"section\">\n\t\t\t\t\t\t<div class=\"elementor-container elementor-column-gap-default\">\n\t\t\t\t\t<div class=\"elementor-column elementor-col-100 elementor-top-column elementor-element elementor-element-2178547\" data-id=\"2178547\" data-element_type=\"column\">\n\t\t\t<div class=\"elementor-widget-wrap elementor-element-populated\">\n\t\t\t\t\t\t<div class=\"elementor-element elementor-element-80b8d97 elementor-widget elementor-widget-text-editor\" data-id=\"80b8d97\" data-element_type=\"widget\" data-widget_type=\"text-editor.default\">\n\t\t\t\t<div class=\"elementor-widget-container\">\n\t\t\t\t\t\t\t\t\t<h3><span style=\"color: rgba(255, 255, 255, 0.8); font-size: 15px; font-weight: 300;\">Nous nous engageons \u00e0 maintenir l&rsquo;exactitude, la confidentialit\u00e9 et la s\u00e9curit\u00e9 de vos informations personnellement identifiables (\u00ab\u00a0Informations personnelles\u00a0\u00bb). Dans le cadre de cet engagement, notre politique de confidentialit\u00e9 r\u00e9git nos actions concernant la collecte, l&rsquo;utilisation et la divulgation des Informations personnelles.<\/span><\/h3><h3><span style=\"color: rgba(255, 255, 255, 0.8); font-size: 15px; font-weight: 300;\">Notre politique de confidentialit\u00e9 est fond\u00e9e sur les valeurs \u00e9tablies par le Code de pratique de l&rsquo;Association canadienne de normalisation pour la protection des informations personnelles et la Loi canadienne sur la protection des informations personnelles et les documents \u00e9lectroniques.<\/span><\/h3><h2><b>1. Introduction<\/b><\/h2><p>Nous nous engageons \u00e0 maintenir l&rsquo;exactitude, la confidentialit\u00e9 et la s\u00e9curit\u00e9 de vos informations personnellement identifiables (\u00ab\u00a0Informations personnelles\u00a0\u00bb). Dans le cadre de cet engagement, notre politique de confidentialit\u00e9 r\u00e9git nos actions concernant la collecte, l&rsquo;utilisation et la divulgation des Informations personnelles.<br \/>Notre politique de confidentialit\u00e9 est fond\u00e9e sur les valeurs \u00e9tablies par le Code de pratique de l&rsquo;Association canadienne de normalisation pour la protection des informations personnelles et la Loi canadienne sur la protection des informations personnelles et les documents \u00e9lectroniques.<\/p><h3><b>2. Identification des buts<\/b><\/h3><p>Nous recueillons, utilisons et divulguons des Informations personnelles pour vous fournir le produit ou service demand\u00e9 et vous proposer des produits et services suppl\u00e9mentaires susceptibles de vous int\u00e9resser. Les finalit\u00e9s pour lesquelles nous collectons des Informations personnelles seront identifi\u00e9es avant ou au moment de la collecte des Informations.<br \/>Dans certaines circonstances, les raisons de la collecte des Informations peuvent \u00eatre \u00e9videntes et le consentement peut \u00eatre implicite, par exemple lorsque votre nom, adresse et informations de paiement sont fournis dans le cadre du processus de commande.<\/p><h3><b>3. Consentement<\/b><\/h3><p>Le consentement \u00e9clair\u00e9 est requis pour la collecte, l&rsquo;utilisation ou la divulgation des Informations personnelles, sauf lorsque la loi l&rsquo;exige ou le permet. Fournir vos Informations personnelles est toujours votre choix. Cependant, si vous choisissez de ne pas fournir certaines informations, cela peut limiter notre capacit\u00e9 \u00e0 fournir nos produits ou services.<br \/>Nous ne vous demanderons pas de consentir \u00e0 la collecte, \u00e0 l&rsquo;utilisation ou \u00e0 la divulgation d&rsquo;informations en tant que condition d&rsquo;approvisionnement d&rsquo;un produit ou d&rsquo;un service, sauf lorsque cela est n\u00e9cessaire pour pouvoir fournir le produit ou service.<\/p><h3><b>4. Limitation de la collecte<\/b><\/h3><p>Les Informations personnelles collect\u00e9es seront limit\u00e9es aux d\u00e9tails n\u00e9cessaires pour les finalit\u00e9s identifi\u00e9es par nous. Avec votre consentement, nous pouvons collecter des Informations personnelles de votre part en personne, par t\u00e9l\u00e9phone ou par correspondance par courrier, t\u00e9l\u00e9copieur ou Internet.<\/p><h3><b>5. Limitation de l&rsquo;utilisation, de la divulgation et de la conservation<\/b><\/h3><p>Les Informations personnelles ne peuvent \u00eatre utilis\u00e9es ou divulgu\u00e9es que pour la finalit\u00e9 pour laquelle elles ont \u00e9t\u00e9 collect\u00e9es, sauf si vous avez consenti autrement ou lorsque la loi l&rsquo;exige ou le permet.<br \/>Les Informations personnelles ne seront conserv\u00e9es que pendant la p\u00e9riode n\u00e9cessaire pour remplir la finalit\u00e9 pour laquelle elles ont \u00e9t\u00e9 collect\u00e9es ou comme l&rsquo;exige la loi. [Si applicable, inclure une description des parties avec lesquelles vous pourriez partager des Informations personnelles.]<\/p><h3><b>6. Exactitude<\/b><\/h3><p>Les Informations personnelles seront maintenues sous une forme exacte, compl\u00e8te et \u00e0 jour, dans la mesure n\u00e9cessaire pour remplir les finalit\u00e9s pour lesquelles elles doivent \u00eatre utilis\u00e9es.<\/p><h3><b>7. Protection des Informations personnelles<\/b><\/h3><p>Les Informations personnelles seront prot\u00e9g\u00e9es par des mesures de s\u00e9curit\u00e9 appropri\u00e9es au niveau de sensibilit\u00e9 des donn\u00e9es. Nous prenons toutes les pr\u00e9cautions raisonnables pour prot\u00e9ger vos Informations personnelles contre toute perte ou utilisation, acc\u00e8s ou divulgation non autoris\u00e9s.<\/p><h3><b>8. Transparence<\/b><\/h3><p>Nous vous informerons de nos politiques et pratiques concernant la gestion de vos Informations personnelles.<\/p><h3><b>9. Acc\u00e8s des clients<\/b><\/h3><p>Sur demande, vous serez inform\u00e9 de l&rsquo;existence, de l&rsquo;utilisation et de la divulgation de vos Informations personnelles et vous aurez acc\u00e8s \u00e0 celles-ci. Vous pourrez v\u00e9rifier l&rsquo;exactitude et l&rsquo;exhaustivit\u00e9 de vos Informations personnelles et demander qu&rsquo;elles soient modifi\u00e9es si n\u00e9cessaire. Cependant, dans certaines circonstances permises par la loi, nous ne divulguerons pas certaines informations vous concernant.<br \/>Par exemple, nous pourrions ne pas divulguer des informations vous concernant si d&rsquo;autres individus sont mentionn\u00e9s ou s&rsquo;il existe des restrictions l\u00e9gales, de s\u00e9curit\u00e9 ou de propri\u00e9t\u00e9 commerciale.<\/p><h3><strong>10. Gestion des plaintes et suggestions des clients<\/strong><\/h3><p>Vous pouvez adresser toutes questions ou demandes concernant notre politique de confidentialit\u00e9 ou nos pratiques en contactant :<br \/><u>roberto@cvsss.com<\/u><a href=\"https:\/\/cvssmodules.com\/fr\">\u00a0Cvss Modules<br \/><\/a><\/p><p><strong>Informations suppl\u00e9mentaires<\/strong><br \/><em><b>Cookies<\/b><\/em><br \/>Un cookie est un petit fichier informatique ou un morceau d&rsquo;information qui peut \u00eatre stock\u00e9 sur le disque dur de votre ordinateur lorsque vous visitez nos sites web. Nous pouvons utiliser des cookies pour am\u00e9liorer la fonctionnalit\u00e9 de notre site web et, dans certains cas, pour offrir aux visiteurs une exp\u00e9rience en ligne personnalis\u00e9e.<br \/>Les cookies sont largement utilis\u00e9s et la plupart des navigateurs web sont initialement configur\u00e9s pour accepter les cookies automatiquement. Vous pouvez modifier les param\u00e8tres de votre navigateur Internet pour emp\u00eacher votre ordinateur d&rsquo;accepter des cookies ou pour vous notifier lorsque vous recevez un cookie, afin de pouvoir refuser son acceptation. Veuillez noter, cependant, que si vous d\u00e9sactivez les cookies, vous ne pourrez pas b\u00e9n\u00e9ficier d&rsquo;une performance optimale de notre site web.<br \/><em><b>Autres sites web<\/b><\/em><br \/>Un <a href=\"https:\/\/en.wikipedia.org\/wiki\/Cookie\">cookie<\/a> est un petit fichier informatique ou des informations qui peuvent \u00eatre stock\u00e9es sur le disque dur de votre ordinateur lorsque vous visitez nos sites web. Nous pouvons utiliser des cookies pour am\u00e9liorer la fonctionnalit\u00e9 de notre site web et, dans certains cas, pour offrir aux visiteurs une exp\u00e9rience en ligne personnalis\u00e9e.<br \/>Les cookies sont largement utilis\u00e9s, et la plupart des navigateurs web sont configur\u00e9s pour accepter automatiquement les cookies. Vous pouvez modifier les param\u00e8tres de votre navigateur Internet pour emp\u00eacher votre ordinateur d&rsquo;accepter des cookies ou pour vous notifier lorsqu&rsquo;un cookie est re\u00e7u afin que vous puissiez refuser son acceptation. Toutefois, si vous d\u00e9sactivez les cookies, vous risquez de ne pas b\u00e9n\u00e9ficier de la performance optimale de notre site web.<\/p>\t\t\t\t\t\t\t\t<\/div>\n\t\t\t\t<\/div>\n\t\t\t\t<div class=\"elementor-element elementor-element-ea52a3c elementor-widget elementor-widget-spacer\" data-id=\"ea52a3c\" data-element_type=\"widget\" data-widget_type=\"spacer.default\">\n\t\t\t\t<div class=\"elementor-widget-container\">\n\t\t\t\t\t\t\t<div class=\"elementor-spacer\">\n\t\t\t<div class=\"elementor-spacer-inner\"><\/div>\n\t\t<\/div>\n\t\t\t\t\t\t<\/div>\n\t\t\t\t<\/div>\n\t\t\t\t\t<\/div>\n\t\t<\/div>\n\t\t\t\t\t<\/div>\n\t\t<\/section>\n\t\t\t\t<section class=\"elementor-section elementor-top-section elementor-element elementor-element-652a722 elementor-section-boxed elementor-section-height-default elementor-section-height-default\" data-id=\"652a722\" data-element_type=\"section\">\n\t\t\t\t\t\t<div class=\"elementor-container elementor-column-gap-default\">\n\t\t\t\t\t<div class=\"elementor-column elementor-col-50 elementor-top-column elementor-element elementor-element-37506ce\" data-id=\"37506ce\" data-element_type=\"column\">\n\t\t\t<div class=\"elementor-widget-wrap elementor-element-populated\">\n\t\t\t\t\t\t<div class=\"elementor-element elementor-element-751c661 elementor-widget elementor-widget-image\" data-id=\"751c661\" data-element_type=\"widget\" data-widget_type=\"image.default\">\n\t\t\t\t<div class=\"elementor-widget-container\">\n\t\t\t\t\t\t\t\t\t\t\t\t\t\t\t<img fetchpriority=\"high\" decoding=\"async\" width=\"720\" height=\"514\" src=\"https:\/\/cvssmodules.com\/wp-content\/uploads\/2023\/10\/cognex-designer-on-computer-720x514-34793a97-f583-4a89-89cd-8c8630fdaa41-651e5c6d46026.webp\" class=\"attachment-large size-large wp-image-5972\" alt=\"\" srcset=\"https:\/\/cvssmodules.com\/wp-content\/uploads\/2023\/10\/cognex-designer-on-computer-720x514-34793a97-f583-4a89-89cd-8c8630fdaa41-651e5c6d46026.webp 720w, https:\/\/cvssmodules.com\/wp-content\/uploads\/2023\/10\/cognex-designer-on-computer-720x514-34793a97-f583-4a89-89cd-8c8630fdaa41-651e5c6d46026-300x214.webp 300w\" sizes=\"(max-width: 720px) 100vw, 720px\" \/>\t\t\t\t\t\t\t\t\t\t\t\t\t\t\t<\/div>\n\t\t\t\t<\/div>\n\t\t\t\t\t<\/div>\n\t\t<\/div>\n\t\t\t\t<div class=\"elementor-column elementor-col-50 elementor-top-column elementor-element elementor-element-8cb7186\" data-id=\"8cb7186\" data-element_type=\"column\">\n\t\t\t<div class=\"elementor-widget-wrap\">\n\t\t\t\t\t\t\t<\/div>\n\t\t<\/div>\n\t\t\t\t\t<\/div>\n\t\t<\/section>\n\t\t\t\t<\/div>\n\t\t","protected":false},"excerpt":{"rendered":"<p>Nous nous engageons \u00e0 maintenir l&rsquo;exactitude, la confidentialit\u00e9 et la s\u00e9curit\u00e9 de vos informations personnellement identifiables (\u00ab\u00a0Informations personnelles\u00a0\u00bb). Dans le cadre de cet engagement, notre politique de confidentialit\u00e9 r\u00e9git nos actions concernant la collecte, l&rsquo;utilisation et la divulgation des Informations personnelles. Notre politique de confidentialit\u00e9 est fond\u00e9e sur les valeurs \u00e9tablies par le Code de <\/p>\n","protected":false},"author":3,"featured_media":0,"parent":0,"menu_order":0,"comment_status":"closed","ping_status":"closed","template":"","meta":{"_monsterinsights_skip_tracking":false,"_monsterinsights_sitenote_active":false,"_monsterinsights_sitenote_note":"","_monsterinsights_sitenote_category":0,"footnotes":""},"class_list":["post-6483","page","type-page","status-publish","hentry"],"yoast_head":"<!-- This site is optimized with the Yoast SEO Premium plugin v23.7 (Yoast SEO v25.4) - https:\/\/yoast.com\/wordpress\/plugins\/seo\/ -->\n<title>Politique de confidentialit\u00e9 | CVSS Modules<\/title>\n<meta name=\"description\" content=\"Nous prot\u00e9geons vos informations personnelles (&quot;Informations personnelles&quot;) gr\u00e2ce \u00e0 l&#039;exactitude, la confidentialit\u00e9 et la s\u00e9curit\u00e9. Notre politique de confidentialit\u00e9 r\u00e9git nos actions.\" \/>\n<meta name=\"robots\" content=\"index, follow, max-snippet:-1, max-image-preview:large, max-video-preview:-1\" \/>\n<link rel=\"canonical\" href=\"https:\/\/cvssmodules.com\/fr\/politique-de-confidentialite\/\" \/>\n<meta property=\"og:locale\" content=\"fr_FR\" \/>\n<meta property=\"og:type\" content=\"article\" \/>\n<meta property=\"og:title\" content=\"Politique de confidentialit\u00e9\" \/>\n<meta property=\"og:description\" content=\"Nous prot\u00e9geons vos informations personnelles (&quot;Informations personnelles&quot;) gr\u00e2ce \u00e0 l&#039;exactitude, la confidentialit\u00e9 et la s\u00e9curit\u00e9. Notre politique de confidentialit\u00e9 r\u00e9git nos actions.\" \/>\n<meta property=\"og:url\" content=\"https:\/\/cvssmodules.com\/fr\/politique-de-confidentialite\/\" \/>\n<meta property=\"og:site_name\" content=\"CVSS Modules\" \/>\n<meta property=\"article:publisher\" content=\"https:\/\/www.facebook.com\/profile.php?viewas=100000686899395&amp;id=61552484786035\" \/>\n<meta property=\"article:modified_time\" content=\"2024-12-16T20:36:59+00:00\" \/>\n<meta property=\"og:image\" content=\"https:\/\/cvssmodules.com\/wp-content\/uploads\/2023\/10\/cognex-designer-on-computer-720x514-34793a97-f583-4a89-89cd-8c8630fdaa41-651e5c6d46026.webp\" \/>\n\t<meta property=\"og:image:width\" content=\"720\" \/>\n\t<meta property=\"og:image:height\" content=\"514\" \/>\n\t<meta property=\"og:image:type\" content=\"image\/webp\" \/>\n<meta name=\"twitter:card\" content=\"summary_large_image\" \/>\n<meta name=\"twitter:label1\" content=\"Dur\u00e9e de lecture estim\u00e9e\" \/>\n\t<meta name=\"twitter:data1\" content=\"5 minutes\" \/>\n<script type=\"application\/ld+json\" class=\"yoast-schema-graph\">{\"@context\":\"https:\/\/schema.org\",\"@graph\":[{\"@type\":\"WebPage\",\"@id\":\"https:\/\/cvssmodules.com\/fr\/politique-de-confidentialite\/\",\"url\":\"https:\/\/cvssmodules.com\/fr\/politique-de-confidentialite\/\",\"name\":\"Politique de confidentialit\u00e9 | CVSS Modules\",\"isPartOf\":{\"@id\":\"https:\/\/cvssmodules.com\/#website\"},\"primaryImageOfPage\":{\"@id\":\"https:\/\/cvssmodules.com\/fr\/politique-de-confidentialite\/#primaryimage\"},\"image\":{\"@id\":\"https:\/\/cvssmodules.com\/fr\/politique-de-confidentialite\/#primaryimage\"},\"thumbnailUrl\":\"https:\/\/cvssmodules.com\/wp-content\/uploads\/2023\/10\/cognex-designer-on-computer-720x514-34793a97-f583-4a89-89cd-8c8630fdaa41-651e5c6d46026.webp\",\"datePublished\":\"2023-09-27T04:39:45+00:00\",\"dateModified\":\"2024-12-16T20:36:59+00:00\",\"description\":\"Nous prot\u00e9geons vos informations personnelles (\\\"Informations personnelles\\\") gr\u00e2ce \u00e0 l'exactitude, la confidentialit\u00e9 et la s\u00e9curit\u00e9. Notre politique de confidentialit\u00e9 r\u00e9git nos actions.\",\"breadcrumb\":{\"@id\":\"https:\/\/cvssmodules.com\/fr\/politique-de-confidentialite\/#breadcrumb\"},\"inLanguage\":\"fr-FR\",\"potentialAction\":[{\"@type\":\"ReadAction\",\"target\":[\"https:\/\/cvssmodules.com\/fr\/politique-de-confidentialite\/\"]}]},{\"@type\":\"ImageObject\",\"inLanguage\":\"fr-FR\",\"@id\":\"https:\/\/cvssmodules.com\/fr\/politique-de-confidentialite\/#primaryimage\",\"url\":\"https:\/\/cvssmodules.com\/wp-content\/uploads\/2023\/10\/cognex-designer-on-computer-720x514-34793a97-f583-4a89-89cd-8c8630fdaa41-651e5c6d46026.webp\",\"contentUrl\":\"https:\/\/cvssmodules.com\/wp-content\/uploads\/2023\/10\/cognex-designer-on-computer-720x514-34793a97-f583-4a89-89cd-8c8630fdaa41-651e5c6d46026.webp\"},{\"@type\":\"BreadcrumbList\",\"@id\":\"https:\/\/cvssmodules.com\/fr\/politique-de-confidentialite\/#breadcrumb\",\"itemListElement\":[{\"@type\":\"ListItem\",\"position\":1,\"name\":\"Home\",\"item\":\"https:\/\/cvssmodules.com\/fr\/\"},{\"@type\":\"ListItem\",\"position\":2,\"name\":\"Politique de confidentialit\u00e9\"}]},{\"@type\":\"WebSite\",\"@id\":\"https:\/\/cvssmodules.com\/#website\",\"url\":\"https:\/\/cvssmodules.com\/\",\"name\":\"CVSS: Compact. Versatile. Safe. Smart | AI-Enhanced Automation\",\"description\":\"Enhance &amp; Automate Your Food\/Pharma Production with AI-Powered Turnkey Modules\",\"publisher\":{\"@id\":\"https:\/\/cvssmodules.com\/#organization\"},\"potentialAction\":[{\"@type\":\"SearchAction\",\"target\":{\"@type\":\"EntryPoint\",\"urlTemplate\":\"https:\/\/cvssmodules.com\/?s={search_term_string}\"},\"query-input\":{\"@type\":\"PropertyValueSpecification\",\"valueRequired\":true,\"valueName\":\"search_term_string\"}}],\"inLanguage\":\"fr-FR\"},{\"@type\":\"Organization\",\"@id\":\"https:\/\/cvssmodules.com\/#organization\",\"name\":\"CVSS Modules\",\"url\":\"https:\/\/cvssmodules.com\/\",\"logo\":{\"@type\":\"ImageObject\",\"inLanguage\":\"fr-FR\",\"@id\":\"https:\/\/cvssmodules.com\/#\/schema\/logo\/image\/\",\"url\":\"https:\/\/cvssmodules.com\/wp-content\/uploads\/2023\/10\/CVSS_Division-Logo_Square-FR.png\",\"contentUrl\":\"https:\/\/cvssmodules.com\/wp-content\/uploads\/2023\/10\/CVSS_Division-Logo_Square-FR.png\",\"width\":3629,\"height\":3629,\"caption\":\"CVSS Modules\"},\"image\":{\"@id\":\"https:\/\/cvssmodules.com\/#\/schema\/logo\/image\/\"},\"sameAs\":[\"https:\/\/www.facebook.com\/profile.php?viewas=100000686899395&id=61552484786035\",\"https:\/\/www.linkedin.com\/company\/cvss-modules\/about\/?viewAsMember=true\"]}]}<\/script>\n<!-- \/ Yoast SEO Premium plugin. -->","yoast_head_json":{"title":"Politique de confidentialit\u00e9 | CVSS Modules","description":"Nous prot\u00e9geons vos informations personnelles (\"Informations personnelles\") gr\u00e2ce \u00e0 l'exactitude, la confidentialit\u00e9 et la s\u00e9curit\u00e9. Notre politique de confidentialit\u00e9 r\u00e9git nos actions.","robots":{"index":"index","follow":"follow","max-snippet":"max-snippet:-1","max-image-preview":"max-image-preview:large","max-video-preview":"max-video-preview:-1"},"canonical":"https:\/\/cvssmodules.com\/fr\/politique-de-confidentialite\/","og_locale":"fr_FR","og_type":"article","og_title":"Politique de confidentialit\u00e9","og_description":"Nous prot\u00e9geons vos informations personnelles (\"Informations personnelles\") gr\u00e2ce \u00e0 l'exactitude, la confidentialit\u00e9 et la s\u00e9curit\u00e9. Notre politique de confidentialit\u00e9 r\u00e9git nos actions.","og_url":"https:\/\/cvssmodules.com\/fr\/politique-de-confidentialite\/","og_site_name":"CVSS Modules","article_publisher":"https:\/\/www.facebook.com\/profile.php?viewas=100000686899395&id=61552484786035","article_modified_time":"2024-12-16T20:36:59+00:00","og_image":[{"width":720,"height":514,"url":"https:\/\/cvssmodules.com\/wp-content\/uploads\/2023\/10\/cognex-designer-on-computer-720x514-34793a97-f583-4a89-89cd-8c8630fdaa41-651e5c6d46026.webp","type":"image\/webp"}],"twitter_card":"summary_large_image","twitter_misc":{"Dur\u00e9e de lecture estim\u00e9e":"5 minutes"},"schema":{"@context":"https:\/\/schema.org","@graph":[{"@type":"WebPage","@id":"https:\/\/cvssmodules.com\/fr\/politique-de-confidentialite\/","url":"https:\/\/cvssmodules.com\/fr\/politique-de-confidentialite\/","name":"Politique de confidentialit\u00e9 | CVSS Modules","isPartOf":{"@id":"https:\/\/cvssmodules.com\/#website"},"primaryImageOfPage":{"@id":"https:\/\/cvssmodules.com\/fr\/politique-de-confidentialite\/#primaryimage"},"image":{"@id":"https:\/\/cvssmodules.com\/fr\/politique-de-confidentialite\/#primaryimage"},"thumbnailUrl":"https:\/\/cvssmodules.com\/wp-content\/uploads\/2023\/10\/cognex-designer-on-computer-720x514-34793a97-f583-4a89-89cd-8c8630fdaa41-651e5c6d46026.webp","datePublished":"2023-09-27T04:39:45+00:00","dateModified":"2024-12-16T20:36:59+00:00","description":"Nous prot\u00e9geons vos informations personnelles (\"Informations personnelles\") gr\u00e2ce \u00e0 l'exactitude, la confidentialit\u00e9 et la s\u00e9curit\u00e9. Notre politique de confidentialit\u00e9 r\u00e9git nos actions.","breadcrumb":{"@id":"https:\/\/cvssmodules.com\/fr\/politique-de-confidentialite\/#breadcrumb"},"inLanguage":"fr-FR","potentialAction":[{"@type":"ReadAction","target":["https:\/\/cvssmodules.com\/fr\/politique-de-confidentialite\/"]}]},{"@type":"ImageObject","inLanguage":"fr-FR","@id":"https:\/\/cvssmodules.com\/fr\/politique-de-confidentialite\/#primaryimage","url":"https:\/\/cvssmodules.com\/wp-content\/uploads\/2023\/10\/cognex-designer-on-computer-720x514-34793a97-f583-4a89-89cd-8c8630fdaa41-651e5c6d46026.webp","contentUrl":"https:\/\/cvssmodules.com\/wp-content\/uploads\/2023\/10\/cognex-designer-on-computer-720x514-34793a97-f583-4a89-89cd-8c8630fdaa41-651e5c6d46026.webp"},{"@type":"BreadcrumbList","@id":"https:\/\/cvssmodules.com\/fr\/politique-de-confidentialite\/#breadcrumb","itemListElement":[{"@type":"ListItem","position":1,"name":"Home","item":"https:\/\/cvssmodules.com\/fr\/"},{"@type":"ListItem","position":2,"name":"Politique de confidentialit\u00e9"}]},{"@type":"WebSite","@id":"https:\/\/cvssmodules.com\/#website","url":"https:\/\/cvssmodules.com\/","name":"CVSS: Compact. Versatile. Safe. Smart | AI-Enhanced Automation","description":"Enhance &amp; Automate Your Food\/Pharma Production with AI-Powered Turnkey Modules","publisher":{"@id":"https:\/\/cvssmodules.com\/#organization"},"potentialAction":[{"@type":"SearchAction","target":{"@type":"EntryPoint","urlTemplate":"https:\/\/cvssmodules.com\/?s={search_term_string}"},"query-input":{"@type":"PropertyValueSpecification","valueRequired":true,"valueName":"search_term_string"}}],"inLanguage":"fr-FR"},{"@type":"Organization","@id":"https:\/\/cvssmodules.com\/#organization","name":"CVSS Modules","url":"https:\/\/cvssmodules.com\/","logo":{"@type":"ImageObject","inLanguage":"fr-FR","@id":"https:\/\/cvssmodules.com\/#\/schema\/logo\/image\/","url":"https:\/\/cvssmodules.com\/wp-content\/uploads\/2023\/10\/CVSS_Division-Logo_Square-FR.png","contentUrl":"https:\/\/cvssmodules.com\/wp-content\/uploads\/2023\/10\/CVSS_Division-Logo_Square-FR.png","width":3629,"height":3629,"caption":"CVSS Modules"},"image":{"@id":"https:\/\/cvssmodules.com\/#\/schema\/logo\/image\/"},"sameAs":["https:\/\/www.facebook.com\/profile.php?viewas=100000686899395&id=61552484786035","https:\/\/www.linkedin.com\/company\/cvss-modules\/about\/?viewAsMember=true"]}]}},"_links":{"self":[{"href":"https:\/\/cvssmodules.com\/fr\/wp-json\/wp\/v2\/pages\/6483","targetHints":{"allow":["GET"]}}],"collection":[{"href":"https:\/\/cvssmodules.com\/fr\/wp-json\/wp\/v2\/pages"}],"about":[{"href":"https:\/\/cvssmodules.com\/fr\/wp-json\/wp\/v2\/types\/page"}],"author":[{"embeddable":true,"href":"https:\/\/cvssmodules.com\/fr\/wp-json\/wp\/v2\/users\/3"}],"replies":[{"embeddable":true,"href":"https:\/\/cvssmodules.com\/fr\/wp-json\/wp\/v2\/comments?post=6483"}],"version-history":[{"count":5,"href":"https:\/\/cvssmodules.com\/fr\/wp-json\/wp\/v2\/pages\/6483\/revisions"}],"predecessor-version":[{"id":6780,"href":"https:\/\/cvssmodules.com\/fr\/wp-json\/wp\/v2\/pages\/6483\/revisions\/6780"}],"wp:attachment":[{"href":"https:\/\/cvssmodules.com\/fr\/wp-json\/wp\/v2\/media?parent=6483"}],"curies":[{"name":"wp","href":"https:\/\/api.w.org\/{rel}","templated":true}]}}